{"id":1201,"date":"2021-11-04T10:21:53","date_gmt":"2021-11-04T10:21:53","guid":{"rendered":"https:\/\/evboxing.com\/index.php\/about-2\/"},"modified":"2023-08-30T18:08:49","modified_gmt":"2023-08-30T10:08:49","slug":"about","status":"publish","type":"page","link":"https:\/\/evboxing.com\/de\/um\/","title":{"rendered":"Um"},"content":{"rendered":"<div data-elementor-type=\"wp-page\" data-elementor-id=\"1201\" class=\"elementor elementor-1201\">\n\t\t\t\t\t\t\t<div class=\"elementor-element elementor-element-9ba31e7 e-con-boxed e-flex e-con\" data-id=\"9ba31e7\" data-element_type=\"container\" data-settings=\"{&quot;content_width&quot;:&quot;boxed&quot;}\">\n\t\t\t\t\t<div class=\"e-con-inner\">\n\t\t<div class=\"elementor-element elementor-element-f5dde93 e-con-full e-flex e-con\" data-id=\"f5dde93\" data-element_type=\"container\" data-settings=\"{&quot;content_width&quot;:&quot;full&quot;}\">\n\t\t\t\t<div class=\"elementor-element elementor-element-7014cf7 elementor-widget elementor-widget-elementskit-heading\" data-id=\"7014cf7\" data-element_type=\"widget\" data-widget_type=\"elementskit-heading.default\">\n\t\t\t\t<div class=\"elementor-widget-container\">\n\t\t\t<div class=\"ekit-wid-con\" ><div class=\"ekit-heading elementskit-section-title-wraper text_center   ekit_heading_tablet-   ekit_heading_mobile-\"><h2 class=\"ekit-heading--title elementskit-section-title\">\u00dcber uns<\/h2><\/div><\/div>\t\t<\/div>\n\t\t\t\t<\/div>\n\t\t\t\t<\/div>\n\t\t\t\t\t<\/div>\n\t\t\t\t<\/div>\n\t\t<div class=\"elementor-element elementor-element-5c9aa97 e-con-boxed e-flex e-con\" data-id=\"5c9aa97\" data-element_type=\"container\" data-settings=\"{&quot;content_width&quot;:&quot;boxed&quot;}\">\n\t\t\t\t\t<div class=\"e-con-inner\">\n\t\t\t\t<div class=\"elementor-element elementor-element-db7bf20 elementor-widget elementor-widget-elementskit-heading\" data-id=\"db7bf20\" data-element_type=\"widget\" data-widget_type=\"elementskit-heading.default\">\n\t\t\t\t<div class=\"elementor-widget-container\">\n\t\t\t<div class=\"ekit-wid-con\" ><div class=\"ekit-heading elementskit-section-title-wraper text_left   ekit_heading_tablet-   ekit_heading_mobile-\"><h3 class=\"ekit-heading--title elementskit-section-title  ekit-heading__title-has-border start\">EVB \u2013 Shenzhen Jinjie Hardware &amp; Plastic Co., LTD<\/h3>\t\t\t\t<div class='ekit-heading__description'>\n\t\t\t\t\t<p>Seit 2007, seit 15 Jahren, mit Schwerpunkt auf der Entwicklung und Herstellung von Ger\u00e4ten f\u00fcr Box- und MMA-Fitness.<\/p>\n\t\t\t\t<\/div>\n\t\t\t<\/div><\/div>\t\t<\/div>\n\t\t\t\t<\/div>\n\t\t\t\t<div class=\"elementor-element elementor-element-617096c elementor-widget elementor-widget-elementskit-heading\" data-id=\"617096c\" data-element_type=\"widget\" data-widget_type=\"elementskit-heading.default\">\n\t\t\t\t<div class=\"elementor-widget-container\">\n\t\t\t<div class=\"ekit-wid-con\" ><div class=\"ekit-heading elementskit-section-title-wraper text_left   ekit_heading_tablet-   ekit_heading_mobile-\"><h3 class=\"ekit-heading--title elementskit-section-title  ekit-heading__title-has-border start\">Unsere Produktionskapazit\u00e4t<\/h3>\t\t\t\t<div class='ekit-heading__description'>\n\t\t\t\t\t<p>Unsere Fabrik erstreckt sich \u00fcber eine Fl\u00e4che von \u00fcber 8000 m\u00b2 und besch\u00e4ftigt \u00fcber 80 Mitarbeiter. Automatisierte Produktionsanlagen und hochentwickelte Erkennungsger\u00e4te, Standardproduktionsprozess. Das Werk ist seit 2014 nach ISO 9001 zertifiziert.<\/p>\n\t\t\t\t<\/div>\n\t\t\t<\/div><\/div>\t\t<\/div>\n\t\t\t\t<\/div>\n\t\t\t\t<div class=\"elementor-element elementor-element-9eb2c12 elementor-widget elementor-widget-elementskit-heading\" data-id=\"9eb2c12\" data-element_type=\"widget\" data-widget_type=\"elementskit-heading.default\">\n\t\t\t\t<div class=\"elementor-widget-container\">\n\t\t\t<div class=\"ekit-wid-con\" ><div class=\"ekit-heading elementskit-section-title-wraper text_left   ekit_heading_tablet-   ekit_heading_mobile-\"><h3 class=\"ekit-heading--title elementskit-section-title  ekit-heading__title-has-border start\">Unsere Innovation<\/h3>\t\t\t\t<div class='ekit-heading__description'>\n\t\t\t\t\t<p>Tolles Designteam mit mehr als 10 Jahren Erfahrung. <span style=\"font-size: 16px\">Besitzen Sie \u00fcber 30 Patente und Au\u00dfendesigns.<\/span><\/p>\n\t\t\t\t<\/div>\n\t\t\t<\/div><\/div>\t\t<\/div>\n\t\t\t\t<\/div>\n\t\t\t\t<div class=\"elementor-element elementor-element-cad98c3 elementor-widget elementor-widget-elementskit-heading\" data-id=\"cad98c3\" data-element_type=\"widget\" data-widget_type=\"elementskit-heading.default\">\n\t\t\t\t<div class=\"elementor-widget-container\">\n\t\t\t<div class=\"ekit-wid-con\" ><div class=\"ekit-heading elementskit-section-title-wraper text_left   ekit_heading_tablet-   ekit_heading_mobile-\"><h3 class=\"ekit-heading--title elementskit-section-title  ekit-heading__title-has-border start\">Unsere Aufgabe<\/h3>\t\t\t\t<div class='ekit-heading__description'>\n\t\t\t\t\t<p><\/p>\n<div class=\"columns\">\n<div class=\"column main\">\n<p>UM DIE WELTWEIT GR\u00d6SSTE AUSWAHL AN BOXAUSR\u00dcSTUNG ZU LIEFERN.<\/p>\n<p>ZU DEN BESTEN PREISEN.<\/p>\n<p>MIT GR\u00d6SSTM\u00d6GLICHEM SERVICE.<\/p>\n<\/div>\n<\/div>\n<p><\/p>\n\n<div class=\"footer\">\n<div class=\"footer-middle\">\n<div class=\"container\">\n<div class=\"row\">\n<div class=\"col-lg-2\">\n<div class=\"block\">\n<div class=\"block-content\">\u00a0<\/div>\n<\/div>\n<\/div>\n<\/div>\n<\/div>\n<\/div>\n<\/div>\n\n\t\t\t\t<\/div>\n\t\t\t<\/div><\/div>\t\t<\/div>\n\t\t\t\t<\/div>\n\t\t\t\t<div class=\"elementor-element elementor-element-449b131 elementor-skin-coverflow elementor-arrows-yes elementor-pagination-type-bullets elementor-pagination-position-outside elementor-widget elementor-widget-media-carousel\" data-id=\"449b131\" data-element_type=\"widget\" data-settings=\"{&quot;skin&quot;:&quot;coverflow&quot;,&quot;show_arrows&quot;:&quot;yes&quot;,&quot;pagination&quot;:&quot;bullets&quot;,&quot;loop&quot;:&quot;yes&quot;,&quot;space_between&quot;:{&quot;unit&quot;:&quot;px&quot;,&quot;size&quot;:10,&quot;sizes&quot;:[]},&quot;space_between_tablet&quot;:{&quot;unit&quot;:&quot;px&quot;,&quot;size&quot;:10,&quot;sizes&quot;:[]},&quot;space_between_mobile&quot;:{&quot;unit&quot;:&quot;px&quot;,&quot;size&quot;:10,&quot;sizes&quot;:[]}}\" data-widget_type=\"media-carousel.default\">\n\t\t\t\t<div class=\"elementor-widget-container\">\n\t\t\t<link rel=\"stylesheet\" href=\"https:\/\/evboxing.com\/wp-content\/plugins\/elementor-pro\/assets\/css\/widget-carousel.min.css\">\t\t<div class=\"elementor-swiper\">\n\t\t\t<div class=\"elementor-main-swiper swiper\">\n\t\t\t\t<div class=\"swiper-wrapper\">\n\t\t\t\t\t\t\t\t\t\t\t<div class=\"swiper-slide\">\n\t\t\t\t\t\t\t<a href=\"https:\/\/evboxing.com\/wp-content\/uploads\/2023\/08\/evb-16-9.png\" data-elementor-open-lightbox=\"yes\" data-elementor-lightbox-slideshow=\"449b131\" data-elementor-lightbox-title=\"evb 16-9\" data-e-action-hash=\"#elementor-action%3Aaction%3Dlightbox%26settings%3DeyJpZCI6NDU3NywidXJsIjoiaHR0cHM6XC9cL2V2Ym94aW5nLmNvbVwvd3AtY29udGVudFwvdXBsb2Fkc1wvMjAyM1wvMDhcL2V2Yi0xNi05LnBuZyIsInNsaWRlc2hvdyI6IjQ0OWIxMzEifQ%3D%3D\" data-elementor-lightbox-video=\"https:\/\/www.youtube.com\/embed\/XK6CiDLMIuQ?feature=oembed&amp;autoplay=1&amp;rel=0&amp;controls=0\">\t\t<div class=\"elementor-carousel-image\" role=\"img\" aria-label=\"evb 16-9\" style=\"background-image: url(&#039;https:\/\/evboxing.com\/wp-content\/uploads\/2023\/08\/evb-16-9.png&#039;)\">\n\n\t\t\t\n\t\t\t\t\t\t\t<div class=\"elementor-custom-embed-play\">\n\t\t\t\t\t<i aria-hidden=\"true\" class=\"eicon-play\"><\/i>\t\t\t\t\t<span class=\"elementor-screen-only\">Spielen<\/span>\n\t\t\t\t<\/div>\n\t\t\t\t\t<\/div>\n\t\t<\/a>\t\t\t\t\t\t<\/div>\n\t\t\t\t\t\t\t\t\t\t\t<div class=\"swiper-slide\">\n\t\t\t\t\t\t\t\t\t<div class=\"elementor-carousel-image\" role=\"img\" aria-label=\"Fabrik -2\" style=\"background-image: url(&#039;https:\/\/evboxing.com\/wp-content\/uploads\/2023\/07\/factory-2.webp&#039;)\">\n\n\t\t\t\n\t\t\t\t\t<\/div>\n\t\t\t\t\t\t\t\t<\/div>\n\t\t\t\t\t\t\t\t\t\t\t<div class=\"swiper-slide\">\n\t\t\t\t\t\t\t\t\t<div class=\"elementor-carousel-image\" role=\"img\" aria-label=\"Fabrik -1\" style=\"background-image: url(&#039;https:\/\/evboxing.com\/wp-content\/uploads\/2023\/07\/factory-1.webp&#039;)\">\n\n\t\t\t\n\t\t\t\t\t<\/div>\n\t\t\t\t\t\t\t\t<\/div>\n\t\t\t\t\t\t\t\t\t\t\t<div class=\"swiper-slide\">\n\t\t\t\t\t\t\t\t\t<div class=\"elementor-carousel-image\" role=\"img\" aria-label=\"V0A5142 (1)\" style=\"background-image: url(&#039;https:\/\/evboxing.com\/wp-content\/uploads\/2023\/06\/V0A5142-1.webp&#039;)\">\n\n\t\t\t\n\t\t\t\t\t<\/div>\n\t\t\t\t\t\t\t\t<\/div>\n\t\t\t\t\t\t\t\t\t\t\t<div class=\"swiper-slide\">\n\t\t\t\t\t\t\t\t\t<div class=\"elementor-carousel-image\" role=\"img\" aria-label=\"V0A5183 (1)\" style=\"background-image: url(&#039;https:\/\/evboxing.com\/wp-content\/uploads\/2023\/06\/V0A5183-1.webp&#039;)\">\n\n\t\t\t\n\t\t\t\t\t<\/div>\n\t\t\t\t\t\t\t\t<\/div>\n\t\t\t\t\t\t\t\t\t<\/div>\n\t\t\t\t\t\t\t\t\t\t\t\t\t\t\t<div class=\"swiper-pagination\"><\/div>\n\t\t\t\t\t\t\t\t\t\t\t\t\t\t\t\t<div class=\"elementor-swiper-button elementor-swiper-button-prev\" role=\"button\" tabindex=\"0\">\n\t\t\t\t\t\t\t<i aria-hidden=\"true\" class=\"eicon-chevron-left\"><\/i>\t\t\t\t\t\t\t<span class=\"elementor-screen-only\">Voriger<\/span>\n\t\t\t\t\t\t<\/div>\n\t\t\t\t\t\t<div class=\"elementor-swiper-button elementor-swiper-button-next\" role=\"button\" tabindex=\"0\">\n\t\t\t\t\t\t\t<i aria-hidden=\"true\" class=\"eicon-chevron-right\"><\/i>\t\t\t\t\t\t\t<span class=\"elementor-screen-only\">N\u00e4chster<\/span>\n\t\t\t\t\t\t<\/div>\n\t\t\t\t\t\t\t\t\t\t\t\t<\/div>\n\t\t<\/div>\n\t\t\t\t<\/div>\n\t\t\t\t<\/div>\n\t\t\t\t\t<\/div>\n\t\t\t\t<\/div>\n\t\t\t\t\t\t\t<\/div>","protected":false},"excerpt":{"rendered":"<p>\u00dcber uns: EVB \u2013 Shenzhen Jinjie Hardware &amp; Plastic Co., LTD. Seit 2007, seit 15 Jahren, konzentrieren wir uns auf die Entwicklung und Herstellung von Ausr\u00fcstung f\u00fcr Box- und MMA-Fitness. Unsere Produktionskapazit\u00e4t: Unser Werk erstreckt sich \u00fcber eine Fl\u00e4che von \u00fcber 8000 m\u00b2 und besch\u00e4ftigt \u00fcber 80 Mitarbeiter. Automatisierte Produktionsanlagen und hochentwickelte Pr\u00fcfger\u00e4te, standardisierter Produktionsprozess. Das Werk ist ISO-zertifiziert \u2026<\/p>\n<p class=\"read-more\"> <a class=\"\" href=\"https:\/\/evboxing.com\/de\/um\/\"> <span class=\"screen-reader-text\">Um<\/span> Weiterlesen &quot;<\/a><\/p>","protected":false},"author":1,"featured_media":0,"parent":0,"menu_order":0,"comment_status":"closed","ping_status":"closed","template":"","meta":{"site-sidebar-layout":"no-sidebar","site-content-layout":"page-builder","ast-global-header-display":"","ast-main-header-display":"","ast-hfb-above-header-display":"","ast-hfb-below-header-display":"","ast-hfb-mobile-header-display":"","site-post-title":"disabled","ast-breadcrumbs-content":"disabled","ast-featured-img":"disabled","footer-sml-layout":"","theme-transparent-header-meta":"disabled","adv-header-id-meta":"","stick-header-meta":"","header-above-stick-meta":"","header-main-stick-meta":"","header-below-stick-meta":"","footnotes":""},"class_list":["post-1201","page","type-page","status-publish","hentry"],"_links":{"self":[{"href":"https:\/\/evboxing.com\/de\/wp-json\/wp\/v2\/pages\/1201","targetHints":{"allow":["GET"]}}],"collection":[{"href":"https:\/\/evboxing.com\/de\/wp-json\/wp\/v2\/pages"}],"about":[{"href":"https:\/\/evboxing.com\/de\/wp-json\/wp\/v2\/types\/page"}],"author":[{"embeddable":true,"href":"https:\/\/evboxing.com\/de\/wp-json\/wp\/v2\/users\/1"}],"replies":[{"embeddable":true,"href":"https:\/\/evboxing.com\/de\/wp-json\/wp\/v2\/comments?post=1201"}],"version-history":[{"count":133,"href":"https:\/\/evboxing.com\/de\/wp-json\/wp\/v2\/pages\/1201\/revisions"}],"predecessor-version":[{"id":4728,"href":"https:\/\/evboxing.com\/de\/wp-json\/wp\/v2\/pages\/1201\/revisions\/4728"}],"wp:attachment":[{"href":"https:\/\/evboxing.com\/de\/wp-json\/wp\/v2\/media?parent=1201"}],"curies":[{"name":"wp","href":"https:\/\/api.w.org\/{rel}","templated":true}]}}